{"id":2,"date":"2016-05-10T03:48:21","date_gmt":"2016-05-10T01:48:21","guid":{"rendered":"https:\/\/hochform.gallery\/?page_id=2"},"modified":"2019-08-06T15:55:52","modified_gmt":"2019-08-06T13:55:52","slug":"startseite","status":"publish","type":"page","link":"https:\/\/hochform.gallery\/","title":{"rendered":"Startseite"},"content":{"rendered":"<div id=\"pl-2\"  class=\"panel-layout\" ><div id=\"pg-2-0\"  class=\"panel-grid panel-no-style\" ><div id=\"pgc-2-0-0\"  class=\"panel-grid-cell\" ><div id=\"panel-2-0-0-0\" class=\"widget_text so-panel widget widget_custom_html panel-first-child panel-last-child\" data-index=\"0\" ><div class=\"textwidget custom-html-widget\"><noscript id=\"pdb_need_js\">F\u00fcr diese Seite ben\u00f6tigen Sie Javascript!<\/noscript><div class=\"pdb_project\" style=\"display: none\">Zum Fortfahren m\u00fcssen Sie sich bei Wordpress einloggen:<br><div class=\"pdb_wp_login\"><form name=\"loginform\" id=\"loginform\" action=\"https:\/\/hochform.gallery\/wp-login.php\" method=\"post\"><p class=\"login-username\">\n\t\t\t\t<label for=\"user_login\">Benutzername oder E-Mail-Adresse<\/label>\n\t\t\t\t<input type=\"text\" name=\"log\" id=\"user_login\" autocomplete=\"username\" class=\"input\" value=\"\" size=\"20\" \/>\n\t\t\t<\/p><p class=\"login-password\">\n\t\t\t\t<label for=\"user_pass\">Passwort<\/label>\n\t\t\t\t<input type=\"password\" name=\"pwd\" id=\"user_pass\" autocomplete=\"current-password\" spellcheck=\"false\" class=\"input\" value=\"\" size=\"20\" \/>\n\t\t\t<\/p><p class=\"login-remember\"><label><input name=\"rememberme\" type=\"checkbox\" id=\"rememberme\" value=\"forever\" \/> Angemeldet bleiben<\/label><\/p><p class=\"login-submit\">\n\t\t\t\t<input type=\"submit\" name=\"wp-submit\" id=\"wp-submit\" class=\"button button-primary\" value=\"Anmelden\" \/>\n\t\t\t\t<input type=\"hidden\" name=\"redirect_to\" value=\"https:\/\/hochform.gallery\/index.php?rest_route=%2Fwp%2Fv2%2Fpages%2F2\" \/>\n\t\t\t<\/p><\/form><\/div><hr \/><\/div><div class=\"pdb_project\" id=\"pdb_user_frontend\"><style id=\"pdb_style\" type=\"text\/css\" media=\"screen\">:root{--pmp-color-0:rgba(251,251,251,0);--pmp-color-nt-0:rgba(251,251,251,1);--pmp-color-1:rgba(121,146,53,1);--pmp-color-nt-1:rgba(121,146,53,1);--pmp-color-2:rgba(178,178,178,1);--pmp-color-nt-2:rgba(178,178,178,1);--pmp-color-3:rgba(222,222,222,1);--pmp-color-nt-3:rgba(222,222,222,1);--pmp-color-4:rgba(100,100,100,1);--pmp-color-nt-4:rgba(100,100,100,1);--pmp-color-5:rgba(249,194,55,1);--pmp-color-nt-5:rgba(249,194,55,1);--pmp-color-6:rgba(100,100,100,1);--pmp-color-nt-6:rgba(100,100,100,1);--pmp-color-7:rgba(204,0,0,1);--pmp-color-nt-7:rgba(204,0,0,1);--pmp-color-8:rgba(178,178,178,1);--pmp-color-nt-8:rgba(178,178,178,1);--pmp-color-9:rgba(0,0,0,1);--pmp-color-nt-9:rgba(0,0,0,1);--pmp-color-10:rgba(255,255,255,0.8);--pmp-color-nt-10:rgba(255,255,255,1);--pmp-color-11:rgba(255,255,255,0.5);--pmp-color-nt-11:rgba(255,255,255,1);--pmp-color-12:rgba(255,255,255,1);--pmp-color-nt-12:rgba(255,255,255,1);--pmp-color-13:rgba(0,0,0,1);--pmp-color-nt-13:rgba(0,0,0,1);--pmp-color-14:rgba(0,0,0,0);--pmp-color-nt-14:rgba(0,0,0,1);--pmp-color-t8-8:rgba(178,178,178,0.8);--pmp-color-t3-1:rgba(121,146,53,0.3);--pmp-color-t3-2:rgba(178,178,178,0.3);--pmp-color-t3-3:rgba(222,222,222,0.3);--pmp-preview-box-height:220px;--pmp-preview-box_opt-overlay-bottom:20px;--pmp-preview-box-mark-top:4px;--pmp-preview-box-delete-top:3px;--pmp-rating-options-set-bottom:24px;--pmp-comment-symbol-bottom:26px;--pmp-ajax-menu-height:10em;--pmp-picture-block-margin:0px;--pmp-overlay-img-padding:0px;--pmp-thumb-size:200px;--pmp-cart-icon-position:30%}@media screen and (max-width : 600px) {--pmp-color-0:rgba(251,251,251,0);--pmp-color-nt-0:rgba(251,251,251,1);--pmp-color-1:rgba(121,146,53,1);--pmp-color-nt-1:rgba(121,146,53,1);--pmp-color-2:rgba(178,178,178,1);--pmp-color-nt-2:rgba(178,178,178,1);--pmp-color-3:rgba(222,222,222,1);--pmp-color-nt-3:rgba(222,222,222,1);--pmp-color-4:rgba(100,100,100,1);--pmp-color-nt-4:rgba(100,100,100,1);--pmp-color-5:rgba(249,194,55,1);--pmp-color-nt-5:rgba(249,194,55,1);--pmp-color-6:rgba(100,100,100,1);--pmp-color-nt-6:rgba(100,100,100,1);--pmp-color-7:rgba(204,0,0,1);--pmp-color-nt-7:rgba(204,0,0,1);--pmp-color-8:rgba(178,178,178,1);--pmp-color-nt-8:rgba(178,178,178,1);--pmp-color-9:rgba(0,0,0,1);--pmp-color-nt-9:rgba(0,0,0,1);--pmp-color-10:rgba(255,255,255,0.8);--pmp-color-nt-10:rgba(255,255,255,1);--pmp-color-11:rgba(255,255,255,0.5);--pmp-color-nt-11:rgba(255,255,255,1);--pmp-color-12:rgba(255,255,255,1);--pmp-color-nt-12:rgba(255,255,255,1);--pmp-color-13:rgba(0,0,0,1);--pmp-color-nt-13:rgba(0,0,0,1);--pmp-color-14:rgba(0,0,0,0);--pmp-color-nt-14:rgba(0,0,0,1);--pmp-color-t8-8:rgba(178,178,178,0.8);--pmp-color-t3-1:rgba(121,146,53,0.3);--pmp-color-t3-2:rgba(178,178,178,0.3);--pmp-color-t3-3:rgba(222,222,222,0.3);--pmp-preview-box-height:220px;--pmp-preview-box_opt-overlay-bottom:20px;--pmp-preview-box-mark-top:4px;--pmp-preview-box-delete-top:3px;--pmp-rating-options-set-bottom:24px;--pmp-comment-symbol-bottom:26px;--pmp-ajax-menu-height:10em;--pmp-picture-block-margin:0px;--pmp-overlay-img-padding:0px;--pmp-thumb-size:200px;--pmp-cart-icon-position:30%}#pdb_ajax_image img{width: 100%;height: 100%}.pdb_grayscale {filter:grayscale(100%);-webkit-filter: grayscale(100%);-moz-filter: grayscale(100%); -ms-filter: grayscale(100%); -o-filter: grayscale(100%); filter: gray; -webkit-filter: grayscale(1); filter: url(\"data:image\/svg+xml;utf8,<svg version='1.1' xmlns='http:\/\/www.w3.org\/2000\/svg' height='0'><filter id='grayscale'><feColorMatrix type='matrix' values='0.3333 0.3333 0.3333 0 0 0.3333 0.3333 0.3333 0 0 0.3333 0.3333 0.3333 0 0 0 0 0 1 0' \/><\/filter><\/svg>#grayscale\"); }.pdb_sepia { filter: sepia(100%); -webkit-filter: sepia(100%); -moz-filter: sepia(100%); -ms-filter: sepia(100%); -o-filter: sepia(100%); -webkit-filter: sepia(1); filter: url(\"data:image\/svg+xml;utf8,<svg version='1.1' xmlns='http:\/\/www.w3.org\/2000\/svg' height='0'><filter id='sepia'><feColorMatrix type='matrix' values='0.14 0.45 0.05 0 0 0.12 0.39 0.04 0 0 0.08 0.28 0.03 0 0 0 0 0 1 0' \/><\/filter><\/svg>#sepia\");}.pdb_contrast { filter: contrast(200%); -webkit-filter: contrast(200%); -moz-filter: contrast(200%); -ms-filter: contrast(200%); -o-filter: contrast(200%); -webkit-filter: contrast(200%); filter: url(\"data:image\/svg+xml;utf8,<svg version='1.1' xmlns='http:\/\/www.w3.org\/2000\/svg' height='0'><filter id='contrast'><feColorMatrix type='matrix' values='1.2 0 0 0 -0.05 0 1.2 0 0 -0.05 0 0 1 0 -0.05 0 0 0 1.2 0' \/><\/filter><\/svg>#contrast\"); }.pdb_invert { filter: invert(); -webkit-filter: invert(); -moz-filter: invert(); -ms-filter: invert(); -o-filter: invert(); -webkit-filter: invert(); filter: url(\"data:image\/svg+xml;utf8,<svg version='1.1' xmlns='http:\/\/www.w3.org\/2000\/svg' height='0'><filter id='invert'><feColorMatrix type='matrix' values='-1 0 0 0 1 0 -1 0 0 1 0 0 -1 0 1 0 0 0 1 0' \/><\/filter><\/svg>#invert\"); }<\/style>\n\t\t\t<div class=\"pdb_login\">\n\t\t\t\tBitte geben Sie das Kennwort ein, das Ihnen per E-Mail zugesendet wurde:\n\t\t\t\t<div>\n\t\t\t\t\t<i class=\"pdb_input_icon_left fa fa-key fa-fw\"><\/i><input class=\"pdb_input\" id=\"pdb_passwd\" name=\"pdb_passwd\" type=\"password\" placeholder=\"Kennwort\" \/>\n\t\t\t\t\t<button class=\"pdb_button\" type=\"submit\" onclick=\"pdb_send_login();\">Absenden<\/button>\n\t\t\t\t<\/div>\n\t\t\t<\/div>\n\t\t\t<span class=\"pdb_loading\" id=\"pdb_loading_user_frontend\" style=\"display: none;\"><div class=\"spinner\">\n\t\t\t\t\t  <div class=\"rect1\"><\/div>\n\t\t\t\t\t  <div class=\"rect2\"><\/div>\n\t\t\t\t\t  <div class=\"rect3\"><\/div>\n\t\t\t\t\t  <div class=\"rect4\"><\/div>\n\t\t\t\t\t  <div class=\"rect5\"><\/div>\n\t\t\t\t\t<\/div><\/span><a id=\"pdb_password_changed_link\" href=\"#\" onclick=\"jQuery('#pdb_password_changed').show();jQuery('#pdb_password_changed_link').hide();\">Kennwort vergessen?<\/a><br><div id=\"pdb_password_changed\" style=\"display:none\">Sollten Sie ihr Kennwort vergessen haben, geben Sie in die unteren Felder Ihren Namen und Ihre E-Mail-Adresse ein, um neue Zugangsdaten zu erhalten.<br><span class=\"pdb_input_wrapper\"><label for=\"pdb_customer_name\">Nachname*<\/label><input class=\"pdb_input\" type=\"text\" placeholder=\"\" value=\"\" name=\"pdb_customer_name\" id=\"pdb_customer_name\" \/><\/span><span class=\"pdb_input_wrapper\"><label for=\"pdb_customer_email\">E-Mail*<\/label><input class=\"pdb_input\" type=\"text\" placeholder=\"\" value=\"\" name=\"pdb_customer_email\" id=\"pdb_customer_email\"  required\/><\/span><button class=\"pdb_button\" onclick=\"pdb_reset_customer_password()\">Kennwort erneuern<\/button><\/div><\/div><\/div><\/div><\/div><\/div><\/div>","protected":false},"excerpt":{"rendered":"<p>F\u00fcr diese Seite ben\u00f6tigen Sie Javascript!Zum Fortfahren m\u00fcssen Sie sich bei Wordpress einloggen: Benutzername oder E-Mail-Adresse Passwort Angemeldet bleiben Bitte geben Sie das Kennwort ein, das Ihnen per E-Mail zugesendet wurde: Absenden Kennwort vergessen?Sollten Sie ihr Kennwort vergessen haben, geben Sie in die unteren Felder Ihren Namen und Ihre E-Mail-Adresse ein, um neue Zugangsdaten zu [&hellip;]<\/p>\n","protected":false},"author":1,"featured_media":0,"parent":0,"menu_order":0,"comment_status":"closed","ping_status":"closed","template":"","meta":{"footnotes":""},"class_list":["post-2","page","type-page","status-publish","hentry","wpbf-post"],"_links":{"self":[{"href":"https:\/\/hochform.gallery\/index.php?rest_route=\/wp\/v2\/pages\/2","targetHints":{"allow":["GET"]}}],"collection":[{"href":"https:\/\/hochform.gallery\/index.php?rest_route=\/wp\/v2\/pages"}],"about":[{"href":"https:\/\/hochform.gallery\/index.php?rest_route=\/wp\/v2\/types\/page"}],"author":[{"embeddable":true,"href":"https:\/\/hochform.gallery\/index.php?rest_route=\/wp\/v2\/users\/1"}],"replies":[{"embeddable":true,"href":"https:\/\/hochform.gallery\/index.php?rest_route=%2Fwp%2Fv2%2Fcomments&post=2"}],"version-history":[{"count":5,"href":"https:\/\/hochform.gallery\/index.php?rest_route=\/wp\/v2\/pages\/2\/revisions"}],"predecessor-version":[{"id":25,"href":"https:\/\/hochform.gallery\/index.php?rest_route=\/wp\/v2\/pages\/2\/revisions\/25"}],"wp:attachment":[{"href":"https:\/\/hochform.gallery\/index.php?rest_route=%2Fwp%2Fv2%2Fmedia&parent=2"}],"curies":[{"name":"wp","href":"https:\/\/api.w.org\/{rel}","templated":true}]}}